{"id":129,"date":"2019-06-13T15:57:30","date_gmt":"2019-06-13T13:57:30","guid":{"rendered":"https:\/\/www.denholzmechel.lu\/bestattungsunternehmen\/"},"modified":"2022-10-11T17:30:29","modified_gmt":"2022-10-11T15:30:29","slug":"pompesfunebres","status":"publish","type":"page","link":"https:\/\/www.denholzmechel.lu\/fr\/pompesfunebres\/","title":{"rendered":"Pompes Fun\u00e8bres"},"content":{"rendered":"","protected":false},"excerpt":{"rendered":"","protected":false},"author":2,"featured_media":0,"parent":0,"menu_order":3,"comment_status":"closed","ping_status":"closed","template":"page-jacoby.php","meta":{"footnotes":""},"acf":[],"yoast_head":"<!-- This site is optimized with the Yoast SEO plugin v22.6 - https:\/\/yoast.com\/wordpress\/plugins\/seo\/ -->\n<title>Pompes Fun\u00e8bres - Den Holzm\u00ebchel s.\u00e0r.l.<\/title>\n<meta name=\"description\" content=\"Pompes Fun\u00e8bres Jacoby\u00a0se charge de tout au moment d&#039;un d\u00e9c\u00e8s, \u00e9vitant ainsi aux familles des probl\u00e8mes dans ces douloureuses circonstances.\" \/>\n<meta name=\"robots\" content=\"index, follow, max-snippet:-1, max-image-preview:large, max-video-preview:-1\" \/>\n<link rel=\"canonical\" href=\"https:\/\/www.denholzmechel.lu\/fr\/pompesfunebres\/\" \/>\n<meta property=\"og:locale\" content=\"fr_FR\" \/>\n<meta property=\"og:type\" content=\"article\" \/>\n<meta property=\"og:title\" content=\"Pompes Fun\u00e8bres - Den Holzm\u00ebchel s.\u00e0r.l.\" \/>\n<meta property=\"og:description\" content=\"Pompes Fun\u00e8bres Jacoby\u00a0se charge de tout au moment d&#039;un d\u00e9c\u00e8s, \u00e9vitant ainsi aux familles des probl\u00e8mes dans ces douloureuses circonstances.\" \/>\n<meta property=\"og:url\" content=\"https:\/\/www.denholzmechel.lu\/fr\/pompesfunebres\/\" \/>\n<meta property=\"og:site_name\" content=\"Den Holzm\u00ebchel s.\u00e0r.l.\" \/>\n<meta property=\"article:modified_time\" content=\"2022-10-11T15:30:29+00:00\" \/>\n<meta name=\"twitter:card\" content=\"summary_large_image\" \/>\n<script type=\"application\/ld+json\" class=\"yoast-schema-graph\">{\"@context\":\"https:\/\/schema.org\",\"@graph\":[{\"@type\":\"WebPage\",\"@id\":\"https:\/\/www.denholzmechel.lu\/fr\/pompesfunebres\/\",\"url\":\"https:\/\/www.denholzmechel.lu\/fr\/pompesfunebres\/\",\"name\":\"Pompes Fun\u00e8bres - Den Holzm\u00ebchel s.\u00e0r.l.\",\"isPartOf\":{\"@id\":\"https:\/\/www.denholzmechel.lu\/#website\"},\"datePublished\":\"2019-06-13T13:57:30+00:00\",\"dateModified\":\"2022-10-11T15:30:29+00:00\",\"description\":\"Pompes Fun\u00e8bres Jacoby\u00a0se charge de tout au moment d'un d\u00e9c\u00e8s, \u00e9vitant ainsi aux familles des probl\u00e8mes dans ces douloureuses circonstances.\",\"breadcrumb\":{\"@id\":\"https:\/\/www.denholzmechel.lu\/fr\/pompesfunebres\/#breadcrumb\"},\"inLanguage\":\"fr-FR\",\"potentialAction\":[{\"@type\":\"ReadAction\",\"target\":[\"https:\/\/www.denholzmechel.lu\/fr\/pompesfunebres\/\"]}]},{\"@type\":\"BreadcrumbList\",\"@id\":\"https:\/\/www.denholzmechel.lu\/fr\/pompesfunebres\/#breadcrumb\",\"itemListElement\":[{\"@type\":\"ListItem\",\"position\":1,\"name\":\"Accueil\",\"item\":\"https:\/\/www.denholzmechel.lu\/fr\/\"},{\"@type\":\"ListItem\",\"position\":2,\"name\":\"Pompes Fun\u00e8bres\"}]},{\"@type\":\"WebSite\",\"@id\":\"https:\/\/www.denholzmechel.lu\/#website\",\"url\":\"https:\/\/www.denholzmechel.lu\/\",\"name\":\"Den Holzm\u00ebchel s.\u00e0r.l.\",\"description\":\"\",\"potentialAction\":[{\"@type\":\"SearchAction\",\"target\":{\"@type\":\"EntryPoint\",\"urlTemplate\":\"https:\/\/www.denholzmechel.lu\/?s={search_term_string}\"},\"query-input\":\"required name=search_term_string\"}],\"inLanguage\":\"fr-FR\"}]}<\/script>\n<!-- \/ Yoast SEO plugin. -->","yoast_head_json":{"title":"Pompes Fun\u00e8bres - Den Holzm\u00ebchel s.\u00e0r.l.","description":"Pompes Fun\u00e8bres Jacoby\u00a0se charge de tout au moment d'un d\u00e9c\u00e8s, \u00e9vitant ainsi aux familles des probl\u00e8mes dans ces douloureuses circonstances.","robots":{"index":"index","follow":"follow","max-snippet":"max-snippet:-1","max-image-preview":"max-image-preview:large","max-video-preview":"max-video-preview:-1"},"canonical":"https:\/\/www.denholzmechel.lu\/fr\/pompesfunebres\/","og_locale":"fr_FR","og_type":"article","og_title":"Pompes Fun\u00e8bres - Den Holzm\u00ebchel s.\u00e0r.l.","og_description":"Pompes Fun\u00e8bres Jacoby\u00a0se charge de tout au moment d'un d\u00e9c\u00e8s, \u00e9vitant ainsi aux familles des probl\u00e8mes dans ces douloureuses circonstances.","og_url":"https:\/\/www.denholzmechel.lu\/fr\/pompesfunebres\/","og_site_name":"Den Holzm\u00ebchel s.\u00e0r.l.","article_modified_time":"2022-10-11T15:30:29+00:00","twitter_card":"summary_large_image","schema":{"@context":"https:\/\/schema.org","@graph":[{"@type":"WebPage","@id":"https:\/\/www.denholzmechel.lu\/fr\/pompesfunebres\/","url":"https:\/\/www.denholzmechel.lu\/fr\/pompesfunebres\/","name":"Pompes Fun\u00e8bres - Den Holzm\u00ebchel s.\u00e0r.l.","isPartOf":{"@id":"https:\/\/www.denholzmechel.lu\/#website"},"datePublished":"2019-06-13T13:57:30+00:00","dateModified":"2022-10-11T15:30:29+00:00","description":"Pompes Fun\u00e8bres Jacoby\u00a0se charge de tout au moment d'un d\u00e9c\u00e8s, \u00e9vitant ainsi aux familles des probl\u00e8mes dans ces douloureuses circonstances.","breadcrumb":{"@id":"https:\/\/www.denholzmechel.lu\/fr\/pompesfunebres\/#breadcrumb"},"inLanguage":"fr-FR","potentialAction":[{"@type":"ReadAction","target":["https:\/\/www.denholzmechel.lu\/fr\/pompesfunebres\/"]}]},{"@type":"BreadcrumbList","@id":"https:\/\/www.denholzmechel.lu\/fr\/pompesfunebres\/#breadcrumb","itemListElement":[{"@type":"ListItem","position":1,"name":"Accueil","item":"https:\/\/www.denholzmechel.lu\/fr\/"},{"@type":"ListItem","position":2,"name":"Pompes Fun\u00e8bres"}]},{"@type":"WebSite","@id":"https:\/\/www.denholzmechel.lu\/#website","url":"https:\/\/www.denholzmechel.lu\/","name":"Den Holzm\u00ebchel s.\u00e0r.l.","description":"","potentialAction":[{"@type":"SearchAction","target":{"@type":"EntryPoint","urlTemplate":"https:\/\/www.denholzmechel.lu\/?s={search_term_string}"},"query-input":"required name=search_term_string"}],"inLanguage":"fr-FR"}]}},"_links":{"self":[{"href":"https:\/\/www.denholzmechel.lu\/fr\/wp-json\/wp\/v2\/pages\/129"}],"collection":[{"href":"https:\/\/www.denholzmechel.lu\/fr\/wp-json\/wp\/v2\/pages"}],"about":[{"href":"https:\/\/www.denholzmechel.lu\/fr\/wp-json\/wp\/v2\/types\/page"}],"author":[{"embeddable":true,"href":"https:\/\/www.denholzmechel.lu\/fr\/wp-json\/wp\/v2\/users\/2"}],"replies":[{"embeddable":true,"href":"https:\/\/www.denholzmechel.lu\/fr\/wp-json\/wp\/v2\/comments?post=129"}],"version-history":[{"count":2,"href":"https:\/\/www.denholzmechel.lu\/fr\/wp-json\/wp\/v2\/pages\/129\/revisions"}],"predecessor-version":[{"id":348,"href":"https:\/\/www.denholzmechel.lu\/fr\/wp-json\/wp\/v2\/pages\/129\/revisions\/348"}],"wp:attachment":[{"href":"https:\/\/www.denholzmechel.lu\/fr\/wp-json\/wp\/v2\/media?parent=129"}],"curies":[{"name":"wp","href":"https:\/\/api.w.org\/{rel}","templated":true}]}}